{"id":431,"date":"2020-07-14T09:46:30","date_gmt":"2020-07-14T07:46:30","guid":{"rendered":"http:\/\/ha.staging-schreijen.com\/disclaimer-privacy\/"},"modified":"2020-07-16T12:56:02","modified_gmt":"2020-07-16T10:56:02","slug":"datenschutzerklarung","status":"publish","type":"page","link":"https:\/\/hg-advocaten.nl\/de\/datenschutzerklarung\/","title":{"rendered":"Datenschutzerkl\u00e4rung"},"content":{"rendered":"<div id=\"cs-content\" class=\"cs-content\"><\/div>\n","protected":false},"excerpt":{"rendered":"<p>Datenschutzerkl\u00e4rung Dies ist die Datenschutzerkl\u00e4rung von Hundscheid Advocaten. Sie teilen bewusst oder unbewusst personenbezogene Daten mit uns. Wir finden es wichtig, dass mit Ihren personenbezogenen Daten sorgf\u00e4ltig umgegangen wird. Deshalb erl\u00e4utern wir Ihnen in der vorliegenden Erkl\u00e4rung, wie wir mit Ihren personenbezogenen Daten umgehen und welche Rechte Sie haben. Wenn Sie nach dem Durchlesen dieser Erkl\u00e4rung Fragen haben, k\u00f6nnen Sie &#8230; <\/p>\n<div><a href=\"https:\/\/hg-advocaten.nl\/de\/datenschutzerklarung\/\" class=\"more-link\">Read More<\/a><\/div>\n","protected":false},"author":2,"featured_media":0,"parent":0,"menu_order":0,"comment_status":"closed","ping_status":"closed","template":"template-blank-4.php","meta":{"footnotes":""},"class_list":["post-431","page","type-page","status-publish","hentry","no-post-thumbnail"],"_links":{"self":[{"href":"https:\/\/hg-advocaten.nl\/de\/wp-json\/wp\/v2\/pages\/431","targetHints":{"allow":["GET"]}}],"collection":[{"href":"https:\/\/hg-advocaten.nl\/de\/wp-json\/wp\/v2\/pages"}],"about":[{"href":"https:\/\/hg-advocaten.nl\/de\/wp-json\/wp\/v2\/types\/page"}],"author":[{"embeddable":true,"href":"https:\/\/hg-advocaten.nl\/de\/wp-json\/wp\/v2\/users\/2"}],"replies":[{"embeddable":true,"href":"https:\/\/hg-advocaten.nl\/de\/wp-json\/wp\/v2\/comments?post=431"}],"version-history":[{"count":3,"href":"https:\/\/hg-advocaten.nl\/de\/wp-json\/wp\/v2\/pages\/431\/revisions"}],"predecessor-version":[{"id":435,"href":"https:\/\/hg-advocaten.nl\/de\/wp-json\/wp\/v2\/pages\/431\/revisions\/435"}],"wp:attachment":[{"href":"https:\/\/hg-advocaten.nl\/de\/wp-json\/wp\/v2\/media?parent=431"}],"curies":[{"name":"wp","href":"https:\/\/api.w.org\/{rel}","templated":true}]}}